{"id":63,"date":"2022-11-15T13:06:04","date_gmt":"2022-11-15T13:06:04","guid":{"rendered":"http:\/\/efop1824.maltai.hu\/?page_id=63"},"modified":"2023-12-19T17:21:02","modified_gmt":"2023-12-19T17:21:02","slug":"kezdo-lap","status":"publish","type":"page","link":"https:\/\/efop1824.maltai.hu\/","title":{"rendered":"Kezd\u0151 lap"},"content":{"rendered":"\t\t<div data-elementor-type=\"wp-page\" data-elementor-id=\"63\" class=\"elementor elementor-63\">\n\t\t\t\t\t\t\t\t\t<section class=\"elementor-section elementor-top-section elementor-element elementor-element-2238777 elementor-section-height-min-height elementor-section-boxed elementor-section-height-default elementor-section-items-middle\" data-id=\"2238777\" data-element_type=\"section\">\n\t\t\t\t\t\t<div class=\"elementor-container elementor-column-gap-default\">\n\t\t\t\t\t<div class=\"elementor-column elementor-col-100 elementor-top-column elementor-element elementor-element-1692a73\" data-id=\"1692a73\" data-element_type=\"column\">\n\t\t\t<div class=\"elementor-widget-wrap elementor-element-populated\">\n\t\t\t\t\t\t\t\t<div class=\"elementor-element elementor-element-6a8f28f elementor-arrows-position-inside elementor-pagination-position-outside elementor-widget elementor-widget-image-carousel\" data-id=\"6a8f28f\" data-element_type=\"widget\" data-settings=\"{&quot;slides_to_scroll&quot;:&quot;3&quot;,&quot;navigation&quot;:&quot;both&quot;,&quot;autoplay&quot;:&quot;yes&quot;,&quot;pause_on_hover&quot;:&quot;yes&quot;,&quot;pause_on_interaction&quot;:&quot;yes&quot;,&quot;autoplay_speed&quot;:5000,&quot;infinite&quot;:&quot;yes&quot;,&quot;speed&quot;:500}\" data-widget_type=\"image-carousel.default\">\n\t\t\t\t<div class=\"elementor-widget-container\">\n\t\t\t<style>\/*! elementor - v3.7.8 - 02-10-2022 *\/\n.elementor-widget-image-carousel .swiper-container{position:static}.elementor-widget-image-carousel .swiper-container .swiper-slide figure{line-height:inherit}.elementor-widget-image-carousel .swiper-slide{text-align:center}.elementor-image-carousel-wrapper:not(.swiper-container-initialized) .swiper-slide{max-width:calc(100% \/ var(--e-image-carousel-slides-to-show, 3))}<\/style>\t\t<div class=\"elementor-image-carousel-wrapper swiper-container\" dir=\"ltr\">\n\t\t\t<div class=\"elementor-image-carousel swiper-wrapper\">\n\t\t\t\t\t\t\t\t<div class=\"swiper-slide\"><figure class=\"swiper-slide-inner\"><img decoding=\"async\" class=\"swiper-slide-image\" src=\"https:\/\/efop1824.maltai.hu\/wp-content\/uploads\/2023\/11\/DSC0147-300x200.jpg\" alt=\"DSC0147\" \/><\/figure><\/div><div class=\"swiper-slide\"><figure class=\"swiper-slide-inner\"><img decoding=\"async\" class=\"swiper-slide-image\" src=\"https:\/\/efop1824.maltai.hu\/wp-content\/uploads\/2023\/11\/marksomay_20230515_0917_DSC7546-300x200.jpg\" alt=\"marksomay_20230515_0917_DSC7546\" \/><\/figure><\/div><div class=\"swiper-slide\"><figure class=\"swiper-slide-inner\"><img decoding=\"async\" class=\"swiper-slide-image\" src=\"https:\/\/efop1824.maltai.hu\/wp-content\/uploads\/2023\/06\/DSC8088-300x200.jpg\" alt=\"DSC8088\" \/><\/figure><\/div><div class=\"swiper-slide\"><figure class=\"swiper-slide-inner\"><img decoding=\"async\" class=\"swiper-slide-image\" src=\"https:\/\/efop1824.maltai.hu\/wp-content\/uploads\/2023\/06\/DSC_1075-300x199.jpg\" alt=\"DSC_1075\" \/><\/figure><\/div><div class=\"swiper-slide\"><figure class=\"swiper-slide-inner\"><img decoding=\"async\" class=\"swiper-slide-image\" src=\"https:\/\/efop1824.maltai.hu\/wp-content\/uploads\/2023\/06\/marksomay_20230515_1056_DSC7712-300x200.jpg\" alt=\"marksomay_20230515_1056_DSC7712\" \/><\/figure><\/div><div class=\"swiper-slide\"><figure class=\"swiper-slide-inner\"><img decoding=\"async\" class=\"swiper-slide-image\" src=\"https:\/\/efop1824.maltai.hu\/wp-content\/uploads\/2023\/06\/marksomay_20230515_0916_DSC7544-300x200.jpg\" alt=\"marksomay_20230515_0916_DSC7544\" \/><\/figure><\/div><div class=\"swiper-slide\"><figure class=\"swiper-slide-inner\"><img decoding=\"async\" class=\"swiper-slide-image\" src=\"https:\/\/efop1824.maltai.hu\/wp-content\/uploads\/2023\/06\/DSC_1621-300x199.jpg\" alt=\"DSC_1621\" \/><\/figure><\/div><div class=\"swiper-slide\"><figure class=\"swiper-slide-inner\"><img decoding=\"async\" class=\"swiper-slide-image\" src=\"https:\/\/efop1824.maltai.hu\/wp-content\/uploads\/2023\/06\/DSC1239-300x200.jpg\" alt=\"DSC1239\" \/><\/figure><\/div><div class=\"swiper-slide\"><figure class=\"swiper-slide-inner\"><img decoding=\"async\" class=\"swiper-slide-image\" src=\"https:\/\/efop1824.maltai.hu\/wp-content\/uploads\/2022\/11\/KOV_3201.jpg_1-300x200.jpg\" alt=\"KOV_3201.jpg_1\" \/><\/figure><\/div><div class=\"swiper-slide\"><figure class=\"swiper-slide-inner\"><img decoding=\"async\" class=\"swiper-slide-image\" src=\"https:\/\/efop1824.maltai.hu\/wp-content\/uploads\/2023\/06\/marksomay_20230515_1047_DSC7668-300x200.jpg\" alt=\"marksomay_20230515_1047_DSC7668\" \/><\/figure><\/div><div class=\"swiper-slide\"><figure class=\"swiper-slide-inner\"><img decoding=\"async\" class=\"swiper-slide-image\" src=\"https:\/\/efop1824.maltai.hu\/wp-content\/uploads\/2023\/12\/RS13104_KOV_8156.jpg_1-lpr-300x200.jpg\" alt=\"RS13104_KOV_8156.jpg_1-lpr\" \/><\/figure><\/div>\t\t\t<\/div>\n\t\t\t\t\t\t\t\t\t\t\t\t<div class=\"swiper-pagination\"><\/div>\n\t\t\t\t\t\t\t\t\t\t\t\t\t<div class=\"elementor-swiper-button elementor-swiper-button-prev\">\n\t\t\t\t\t\t<i aria-hidden=\"true\" class=\"eicon-chevron-left\"><\/i>\t\t\t\t\t\t<span class=\"elementor-screen-only\">El\u0151z\u0151<\/span>\n\t\t\t\t\t<\/div>\n\t\t\t\t\t<div class=\"elementor-swiper-button elementor-swiper-button-next\">\n\t\t\t\t\t\t<i aria-hidden=\"true\" class=\"eicon-chevron-right\"><\/i>\t\t\t\t\t\t<span class=\"elementor-screen-only\">K\u00f6vetkez\u0151<\/span>\n\t\t\t\t\t<\/div>\n\t\t\t\t\t\t\t\t\t<\/div>\n\t\t\t\t<\/div>\n\t\t\t\t<\/div>\n\t\t\t\t\t<\/div>\n\t\t<\/div>\n\t\t\t\t\t\t\t<\/div>\n\t\t<\/section>\n\t\t\t\t<section class=\"elementor-section elementor-top-section elementor-element elementor-element-ceafe83 elementor-section-boxed elementor-section-height-default elementor-section-height-default\" data-id=\"ceafe83\" data-element_type=\"section\" data-settings=\"{&quot;background_background&quot;:&quot;gradient&quot;}\">\n\t\t\t\t\t\t\t<div class=\"elementor-background-overlay\"><\/div>\n\t\t\t\t\t\t\t<div class=\"elementor-container elementor-column-gap-default\">\n\t\t\t\t\t<div class=\"elementor-column elementor-col-100 elementor-top-column elementor-element elementor-element-74b8d34\" data-id=\"74b8d34\" data-element_type=\"column\">\n\t\t\t<div class=\"elementor-widget-wrap elementor-element-populated\">\n\t\t\t\t\t\t\t\t<div class=\"elementor-element elementor-element-9c57e06 elementor-widget elementor-widget-text-editor\" data-id=\"9c57e06\" data-element_type=\"widget\" data-widget_type=\"text-editor.default\">\n\t\t\t\t<div class=\"elementor-widget-container\">\n\t\t\t<style>\/*! elementor - v3.7.8 - 02-10-2022 *\/\n.elementor-widget-text-editor.elementor-drop-cap-view-stacked .elementor-drop-cap{background-color:#818a91;color:#fff}.elementor-widget-text-editor.elementor-drop-cap-view-framed .elementor-drop-cap{color:#818a91;border:3px solid;background-color:transparent}.elementor-widget-text-editor:not(.elementor-drop-cap-view-default) .elementor-drop-cap{margin-top:8px}.elementor-widget-text-editor:not(.elementor-drop-cap-view-default) .elementor-drop-cap-letter{width:1em;height:1em}.elementor-widget-text-editor .elementor-drop-cap{float:left;text-align:center;line-height:1;font-size:50px}.elementor-widget-text-editor .elementor-drop-cap-letter{display:inline-block}<\/style>\t\t\t\t<h2><a name=\"_Toc114735944\"><\/a>A PROJEKT \u00c1TFOG\u00d3 C\u00c9LJAINAK R\u00d6VID ISMERTET\u00c9SE<\/h2><div>\u00a0<\/div><p>Magyarorsz\u00e1gon ter\u00fcletileg j\u00f3l beazonos\u00edthat\u00f3k a leszakad\u00f3 telep\u00fcl\u00e9sek \u00e9s telep\u00fcl\u00e9sr\u00e9szek, ahol a k\u00f6zszolg\u00e1ltat\u00e1sok \u00e9s k\u00f6zfeladatok ell\u00e1t\u00e1s\u00e1nak hat\u00e9konys\u00e1ga akad\u00e1lyozott, a helyi lakosok megfelel\u0151 eg\u00e9szs\u00e9g\u00fcgyi alapell\u00e1t\u00e1sa, a gy\u00f3gyszerekhez val\u00f3 hozz\u00e1f\u00e9r\u00e9se neh\u00e9zs\u00e9gekbe \u00fctk\u00f6zik, az eg\u00e9szs\u00e9gmeg\u0151rz\u0151 programokban val\u00f3 r\u00e9szv\u00e9teli lehet\u0151s\u00e9g\u00fck pedig korl\u00e1tozott. A \u201eFelz\u00e1rk\u00f3z\u00f3 telep\u00fcl\u00e9sek\u201d hossz\u00fa t\u00e1v\u00fa programj\u00e1nak megalapoz\u00e1s\u00e1r\u00f3l sz\u00f3l\u00f3 1404\/2019. (VII. 5.) Korm. hat\u00e1rozat (tov\u00e1bbiakban: Hat\u00e1rozat) alapj\u00e1n c\u00e9lzott, hossz\u00fa t\u00e1v\u00fa, komplex program indult az orsz\u00e1g legh\u00e1tr\u00e1nyosabb helyzet\u0171 telep\u00fcl\u00e9sein, a k\u00f6zszolg\u00e1ltat\u00e1sok el\u00e9rhet\u0151s\u00e9g\u00e9nek biztos\u00edt\u00e1sa \u00e9rdek\u00e9ben, valamint az eg\u00e9szs\u00e9gmeg\u0151rz\u00e9s \u00e9s betegs\u00e9gmegel\u0151z\u00e9s \u00e9rdek\u00e9ben.<\/p><p>Az innovat\u00edv eg\u00e9szs\u00e9g\u00fcgyi szolg\u00e1ltat\u00e1sokhoz a v\u00e1zat a Magyar M\u00e1ltai Szeretetszolg\u00e1lat Jelenl\u00e9t programja adja, ami miatt a Korm\u00e1ny 2019-ben kijel\u00f6lte a Magyar M\u00e1ltai Szeretetszolg\u00e1latot a \u201eFelz\u00e1rk\u00f3z\u00f3 telep\u00fcl\u00e9sek\u201d program koordin\u00e1l\u00e1s\u00e1ra a 1404\/2019. (VII. 5.) Korm. hat\u00e1rozatban.\u00a0<\/p><p>A projekt c\u00e9lja, hogy a felz\u00e1rk\u00f3z\u00f3 telep\u00fcl\u00e9sek lakosainak javuljon az eg\u00e9szs\u00e9g\u00fcgyi szolg\u00e1ltat\u00e1sokhoz, sz\u0171r\u00e9sekhez \u00e9s a prevenci\u00f3s programokhoz val\u00f3 hozz\u00e1f\u00e9r\u00e9se, tekintettel arra, hogy a felz\u00e1rk\u00f3z\u00f3 telep\u00fcl\u00e9sek t\u00f6bb, mint harmad\u00e1n nincs bet\u00f6lt\u00f6tt h\u00e1ziorvosi praxis, \u00e9s a k\u00f6zszolg\u00e1ltat\u00e1sok, k\u00f6zfeladatok ell\u00e1t\u00e1sa sok esetben neh\u00e9zs\u00e9gekbe \u00fctk\u00f6zik. Kiemelten a h\u00e1tr\u00e1nyos helyzet\u0171ekn\u00e9l \u00e9s az elmaradott t\u00e9rs\u00e9gekben c\u00e9l az eg\u00e9szs\u00e9gtudatoss\u00e1g n\u00f6vel\u00e9se, a sz\u0171r\u0151vizsg\u00e1latok (bele\u00e9rtve a gyermekszem\u00e9szetet) elv\u00e9gz\u00e9se \u00e9s sz\u00fcks\u00e9g eset\u00e9n a szakell\u00e1t\u00e1shoz, illetve pand\u00e9mi\u00e1s helyzetben a szakszer\u0171 sz\u0171r\u00e9si, olt\u00e1si ell\u00e1t\u00e1shoz val\u00f3 eljuttat\u00e1s.<\/p><p>Az EFOP-2.2.24-22 \u00e9s az EFOP-1.8.24-22 Felh\u00edv\u00e1sok keret\u00e9ben tervezett fejleszt\u00e9sek mobil eg\u00e9szs\u00e9g\u00fcgyi ell\u00e1t\u00e1s \u00e9s gyermek szem\u00e9szeti sz\u0171r\u00e9s ny\u00fajt\u00e1s\u00e1val helybe viszik az eg\u00e9szs\u00e9g\u00fcgyi szolg\u00e1ltat\u00e1sokat. A Felh\u00edv\u00e1sok keret\u00e9ben t\u00e1mogatott int\u00e9zked\u00e9sek tartalmazz\u00e1k az eg\u00e9szs\u00e9ges \u00e9letvitelt t\u00e1mogat\u00f3 mobil eg\u00e9szs\u00e9g\u00fcgyi megold\u00e1sok \u00e9s sz\u0171r\u0151vizsg\u00e1latok m\u0171k\u00f6dtet\u00e9s\u00e9hez sz\u00fcks\u00e9ges infrastrukt\u00far\u00e1t \u00e9s hum\u00e1ner\u0151forr\u00e1st. Jelen projekt keret\u00e9ben a tervezett tev\u00e9kenys\u00e9gek \u00f6sszetett hum\u00e1ner\u0151forr\u00e1s h\u00e1ttere ker\u00fcl kialak\u00edt\u00e1sra.<\/p>\t\t\t\t\t\t<\/div>\n\t\t\t\t<\/div>\n\t\t\t\t\t<\/div>\n\t\t<\/div>\n\t\t\t\t\t\t\t<\/div>\n\t\t<\/section>\n\t\t\t\t\t\t\t<\/div>\n\t\t","protected":false},"excerpt":{"rendered":"<p>El\u0151z\u0151 K\u00f6vetkez\u0151 A PROJEKT \u00c1TFOG\u00d3 C\u00c9LJAINAK R\u00d6VID ISMERTET\u00c9SE \u00a0 Magyarorsz\u00e1gon ter\u00fcletileg j\u00f3l beazonos\u00edthat\u00f3k a leszakad\u00f3 telep\u00fcl\u00e9sek \u00e9s telep\u00fcl\u00e9sr\u00e9szek, ahol a k\u00f6zszolg\u00e1ltat\u00e1sok \u00e9s k\u00f6zfeladatok ell\u00e1t\u00e1s\u00e1nak hat\u00e9konys\u00e1ga akad\u00e1lyozott, a helyi lakosok megfelel\u0151 eg\u00e9szs\u00e9g\u00fcgyi alapell\u00e1t\u00e1sa, a gy\u00f3gyszerekhez val\u00f3 hozz\u00e1f\u00e9r\u00e9se neh\u00e9zs\u00e9gekbe \u00fctk\u00f6zik, az eg\u00e9szs\u00e9gmeg\u0151rz\u0151 programokban val\u00f3 r\u00e9szv\u00e9teli lehet\u0151s\u00e9g\u00fck pedig korl\u00e1tozott. A \u201eFelz\u00e1rk\u00f3z\u00f3 telep\u00fcl\u00e9sek\u201d hossz\u00fa t\u00e1v\u00fa programj\u00e1nak megalapoz\u00e1s\u00e1r\u00f3l sz\u00f3l\u00f3 1404\/2019. &hellip;<\/p>\n<p class=\"read-more\"> <a class=\"\" href=\"https:\/\/efop1824.maltai.hu\/\"> <span class=\"screen-reader-text\">Kezd\u0151 lap<\/span> Read More &raquo;<\/a><\/p>\n","protected":false},"author":1,"featured_media":0,"parent":0,"menu_order":0,"comment_status":"closed","ping_status":"closed","template":"","meta":{"site-sidebar-layout":"no-sidebar","site-content-layout":"page-builder","ast-global-header-display":"","ast-main-header-display":"","ast-hfb-above-header-display":"","ast-hfb-below-header-display":"","ast-hfb-mobile-header-display":"","site-post-title":"disabled","ast-breadcrumbs-content":"","ast-featured-img":"disabled","footer-sml-layout":"","theme-transparent-header-meta":"","adv-header-id-meta":"","stick-header-meta":"","header-above-stick-meta":"","header-main-stick-meta":"","header-below-stick-meta":"","footnotes":""},"class_list":["post-63","page","type-page","status-publish","hentry"],"_links":{"self":[{"href":"https:\/\/efop1824.maltai.hu\/index.php?rest_route=\/wp\/v2\/pages\/63","targetHints":{"allow":["GET"]}}],"collection":[{"href":"https:\/\/efop1824.maltai.hu\/index.php?rest_route=\/wp\/v2\/pages"}],"about":[{"href":"https:\/\/efop1824.maltai.hu\/index.php?rest_route=\/wp\/v2\/types\/page"}],"author":[{"embeddable":true,"href":"https:\/\/efop1824.maltai.hu\/index.php?rest_route=\/wp\/v2\/users\/1"}],"replies":[{"embeddable":true,"href":"https:\/\/efop1824.maltai.hu\/index.php?rest_route=%2Fwp%2Fv2%2Fcomments&post=63"}],"version-history":[{"count":85,"href":"https:\/\/efop1824.maltai.hu\/index.php?rest_route=\/wp\/v2\/pages\/63\/revisions"}],"predecessor-version":[{"id":795,"href":"https:\/\/efop1824.maltai.hu\/index.php?rest_route=\/wp\/v2\/pages\/63\/revisions\/795"}],"wp:attachment":[{"href":"https:\/\/efop1824.maltai.hu\/index.php?rest_route=%2Fwp%2Fv2%2Fmedia&parent=63"}],"curies":[{"name":"wp","href":"https:\/\/api.w.org\/{rel}","templated":true}]}}