{"id":32,"date":"2022-11-14T14:53:00","date_gmt":"2022-11-14T14:53:00","guid":{"rendered":"http:\/\/efop1824.maltai.hu\/?page_id=32"},"modified":"2023-11-30T13:29:40","modified_gmt":"2023-11-30T13:29:40","slug":"kapcsolat","status":"publish","type":"page","link":"https:\/\/efop1824.maltai.hu\/?page_id=32","title":{"rendered":"Kapcsolat"},"content":{"rendered":"\t\t<div data-elementor-type=\"wp-page\" data-elementor-id=\"32\" class=\"elementor elementor-32\">\n\t\t\t\t\t\t\t\t\t<section class=\"elementor-section elementor-top-section elementor-element elementor-element-e17b3f0 elementor-section-height-full elementor-section-boxed elementor-section-height-default elementor-section-items-middle\" data-id=\"e17b3f0\" data-element_type=\"section\">\n\t\t\t\t\t\t<div class=\"elementor-container elementor-column-gap-default\">\n\t\t\t\t\t<div class=\"elementor-column elementor-col-100 elementor-top-column elementor-element elementor-element-54e192e\" data-id=\"54e192e\" data-element_type=\"column\">\n\t\t\t<div class=\"elementor-widget-wrap elementor-element-populated\">\n\t\t\t\t\t\t\t\t<div class=\"elementor-element elementor-element-721427c elementor-widget elementor-widget-text-editor\" data-id=\"721427c\" data-element_type=\"widget\" data-widget_type=\"text-editor.default\">\n\t\t\t\t<div class=\"elementor-widget-container\">\n\t\t\t<style>\/*! elementor - v3.7.8 - 02-10-2022 *\/\n.elementor-widget-text-editor.elementor-drop-cap-view-stacked .elementor-drop-cap{background-color:#818a91;color:#fff}.elementor-widget-text-editor.elementor-drop-cap-view-framed .elementor-drop-cap{color:#818a91;border:3px solid;background-color:transparent}.elementor-widget-text-editor:not(.elementor-drop-cap-view-default) .elementor-drop-cap{margin-top:8px}.elementor-widget-text-editor:not(.elementor-drop-cap-view-default) .elementor-drop-cap-letter{width:1em;height:1em}.elementor-widget-text-editor .elementor-drop-cap{float:left;text-align:center;line-height:1;font-size:50px}.elementor-widget-text-editor .elementor-drop-cap-letter{display:inline-block}<\/style>\t\t\t\t<h2>Kapcsolat<\/h2>\t\t\t\t\t\t<\/div>\n\t\t\t\t<\/div>\n\t\t\t\t<section class=\"elementor-section elementor-inner-section elementor-element elementor-element-88d9cf6 elementor-section-boxed elementor-section-height-default elementor-section-height-default\" data-id=\"88d9cf6\" data-element_type=\"section\">\n\t\t\t\t\t\t<div class=\"elementor-container elementor-column-gap-default\">\n\t\t\t\t\t<div class=\"elementor-column elementor-col-50 elementor-inner-column elementor-element elementor-element-ffcb14d\" data-id=\"ffcb14d\" data-element_type=\"column\">\n\t\t\t<div class=\"elementor-widget-wrap elementor-element-populated\">\n\t\t\t\t\t\t\t\t<div class=\"elementor-element elementor-element-84d8052 elementor-widget elementor-widget-text-editor\" data-id=\"84d8052\" data-element_type=\"widget\" data-widget_type=\"text-editor.default\">\n\t\t\t\t<div class=\"elementor-widget-container\">\n\t\t\t\t\t\t\t<p><strong><span style=\"font-size: 17px;\">Magyar M\u00e1ltai Szeretetszolg\u00e1lat Egyes\u00fclet<\/span><\/strong><\/p>\n<address>Orsz\u00e1gos k\u00f6zpont<br>1125 Budapest, Szarvas G\u00e1bor \u00fat 58-60.<br><abbr title=\"Phone\">Tel.: +36 1\/39-14-700<br>+36 1\/39-14-704<br>Fax: +36 1\/39-14-728<br><\/abbr>E-mail:&nbsp;<a href=\"mailto:mmsz@maltai.hu?subject=%C3%89rdekl%C5%91d%C3%A9s\">mmsz@maltai.hu<\/a><\/address>\n<p>Nyilv\u00e1ntart\u00e1si sz\u00e1m: 01-02-0000010<br>Ad\u00f3sz\u00e1m: 19025702-2-44<\/p>\t\t\t\t\t\t<\/div>\n\t\t\t\t<\/div>\n\t\t\t\t\t<\/div>\n\t\t<\/div>\n\t\t\t\t<div class=\"elementor-column elementor-col-50 elementor-inner-column elementor-element elementor-element-3b3e78f\" data-id=\"3b3e78f\" data-element_type=\"column\">\n\t\t\t<div class=\"elementor-widget-wrap elementor-element-populated\">\n\t\t\t\t\t\t\t\t<div class=\"elementor-element elementor-element-c071596 elementor-widget elementor-widget-text-editor\" data-id=\"c071596\" data-element_type=\"widget\" data-widget_type=\"text-editor.default\">\n\t\t\t\t<div class=\"elementor-widget-container\">\n\t\t\t\t\t\t\t<p><strong>Banksz\u00e1mlasz\u00e1maink:<\/strong><\/p><ul><li>HUF:\u00a0OTP Bank Nyrt. 11784009-20005320<\/li><li>EUR:\u00a0OTP Bank Nyrt. 11784009-20005320<\/li><li>USD:\u00a0OTP Bank Nyrt. 11784009-20005320<\/li><\/ul><div><span style=\"font-weight: bold;\">Tov\u00e1bbi banksz\u00e1mlasz\u00e1maink:<\/span><\/div><ul><li>Online \u00e1tutal\u00e1s banksz\u00e1mla<br \/>OTP Bank Nyrt. 11784009-20200745<\/li><li>Csekkes befizet\u00e9s banksz\u00e1mla<br \/>OTP Bank Nyrt. 11784009-20211154<\/li><\/ul>\t\t\t\t\t\t<\/div>\n\t\t\t\t<\/div>\n\t\t\t\t\t<\/div>\n\t\t<\/div>\n\t\t\t\t\t\t\t<\/div>\n\t\t<\/section>\n\t\t\t\t\t<\/div>\n\t\t<\/div>\n\t\t\t\t\t\t\t<\/div>\n\t\t<\/section>\n\t\t\t\t\t\t\t<\/div>\n\t\t","protected":false},"excerpt":{"rendered":"<p>Kapcsolat Magyar M\u00e1ltai Szeretetszolg\u00e1lat Egyes\u00fclet Orsz\u00e1gos k\u00f6zpont1125 Budapest, Szarvas G\u00e1bor \u00fat 58-60.Tel.: +36 1\/39-14-700+36 1\/39-14-704Fax: +36 1\/39-14-728E-mail:&nbsp;mmsz@maltai.hu Nyilv\u00e1ntart\u00e1si sz\u00e1m: 01-02-0000010Ad\u00f3sz\u00e1m: 19025702-2-44 Banksz\u00e1mlasz\u00e1maink: HUF:\u00a0OTP Bank Nyrt. 11784009-20005320 EUR:\u00a0OTP Bank Nyrt. 11784009-20005320 USD:\u00a0OTP Bank Nyrt. 11784009-20005320 Tov\u00e1bbi banksz\u00e1mlasz\u00e1maink: Online \u00e1tutal\u00e1s banksz\u00e1mlaOTP Bank Nyrt. 11784009-20200745 Csekkes befizet\u00e9s banksz\u00e1mlaOTP Bank Nyrt. 11784009-20211154<\/p>\n","protected":false},"author":1,"featured_media":0,"parent":0,"menu_order":0,"comment_status":"closed","ping_status":"closed","template":"","meta":{"site-sidebar-layout":"no-sidebar","site-content-layout":"page-builder","ast-global-header-display":"","ast-main-header-display":"","ast-hfb-above-header-display":"","ast-hfb-below-header-display":"","ast-hfb-mobile-header-display":"","site-post-title":"disabled","ast-breadcrumbs-content":"","ast-featured-img":"disabled","footer-sml-layout":"","theme-transparent-header-meta":"","adv-header-id-meta":"","stick-header-meta":"","header-above-stick-meta":"","header-main-stick-meta":"","header-below-stick-meta":"","footnotes":""},"class_list":["post-32","page","type-page","status-publish","hentry"],"_links":{"self":[{"href":"https:\/\/efop1824.maltai.hu\/index.php?rest_route=\/wp\/v2\/pages\/32","targetHints":{"allow":["GET"]}}],"collection":[{"href":"https:\/\/efop1824.maltai.hu\/index.php?rest_route=\/wp\/v2\/pages"}],"about":[{"href":"https:\/\/efop1824.maltai.hu\/index.php?rest_route=\/wp\/v2\/types\/page"}],"author":[{"embeddable":true,"href":"https:\/\/efop1824.maltai.hu\/index.php?rest_route=\/wp\/v2\/users\/1"}],"replies":[{"embeddable":true,"href":"https:\/\/efop1824.maltai.hu\/index.php?rest_route=%2Fwp%2Fv2%2Fcomments&post=32"}],"version-history":[{"count":25,"href":"https:\/\/efop1824.maltai.hu\/index.php?rest_route=\/wp\/v2\/pages\/32\/revisions"}],"predecessor-version":[{"id":697,"href":"https:\/\/efop1824.maltai.hu\/index.php?rest_route=\/wp\/v2\/pages\/32\/revisions\/697"}],"wp:attachment":[{"href":"https:\/\/efop1824.maltai.hu\/index.php?rest_route=%2Fwp%2Fv2%2Fmedia&parent=32"}],"curies":[{"name":"wp","href":"https:\/\/api.w.org\/{rel}","templated":true}]}}